{"id":2210,"date":"2024-12-20T18:10:30","date_gmt":"2024-12-20T18:10:30","guid":{"rendered":"https:\/\/armeriaelacecho.com.uy\/wp\/?post_type=product&#038;p=2210"},"modified":"2025-01-03T17:41:41","modified_gmt":"2025-01-03T17:41:41","slug":"overgrip-softee-adhere-colores-varios-unidad","status":"publish","type":"product","link":"https:\/\/armeriaelacecho.com.uy\/wp\/producto\/overgrip-softee-adhere-colores-varios-unidad\/","title":{"rendered":"OVERGRIP SOFTEE ADHERE COLORES VARIOS (UNIDAD)"},"content":{"rendered":"<p>PRECIO UNIDAD<\/p>\n<p>Overgrip de alta prestaci\u00f3n, agarre firme y m\u00e1xima calidad.<\/p>\n<p>El agarre y absorci\u00f3n del sudor es muy bueno debido a sus materiales premium, evitando que se nos escape la pala en golpes potentes.<\/p>\n<p>Ideales para padel o tenis.<\/p>\n<p>En 4 colores diferentes: amarillo, rojo, blanco y negro.<\/p>\n<p>Perfectos para combinar o darle un toque de color a tu pala<\/p>\n","protected":false},"excerpt":{"rendered":"<p>PRECIO UNIDAD Overgrip de alta prestaci\u00f3n, agarre firme y m\u00e1xima calidad. El agarre y absorci\u00f3n del sudor es muy bueno debido a sus materiales premium, evitando que se nos escape la pala en golpes potentes. Ideales para padel o tenis. En 4 colores diferentes: amarillo, rojo, blanco y negro. Perfectos para combinar o darle un [&hellip;]<\/p>\n","protected":false},"featured_media":2211,"template":"","meta":{"site-sidebar-layout":"default","site-content-layout":"","ast-site-content-layout":"default","site-content-style":"default","site-sidebar-style":"default","ast-global-header-display":"","ast-banner-title-visibility":"","ast-main-header-display":"","ast-hfb-above-header-display":"","ast-hfb-below-header-display":"","ast-hfb-mobile-header-display":"","site-post-title":"","ast-breadcrumbs-content":"","ast-featured-img":"","footer-sml-layout":"","ast-disable-related-posts":"","theme-transparent-header-meta":"default","adv-header-id-meta":"","stick-header-meta":"default","header-above-stick-meta":"","header-main-stick-meta":"","header-below-stick-meta":"","astra-migrate-meta-layouts":"set","ast-page-background-enabled":"default","ast-page-background-meta":{"desktop":{"background-color":"","background-image":"","background-repeat":"repeat","background-position":"center center","background-size":"auto","background-attachment":"scroll","background-type":"","background-media":"","overlay-type":"","overlay-color":"","overlay-opacity":"","overlay-gradient":""},"tablet":{"background-color":"","background-image":"","background-repeat":"repeat","background-position":"center center","background-size":"auto","background-attachment":"scroll","background-type":"","background-media":"","overlay-type":"","overlay-color":"","overlay-opacity":"","overlay-gradient":""},"mobile":{"background-color":"","background-image":"","background-repeat":"repeat","background-position":"center center","background-size":"auto","background-attachment":"scroll","background-type":"","background-media":"","overlay-type":"","overlay-color":"","overlay-opacity":"","overlay-gradient":""}},"ast-content-background-meta":{"desktop":{"background-color":"var(--ast-global-color-5)","background-image":"","background-repeat":"repeat","background-position":"center center","background-size":"auto","background-attachment":"scroll","background-type":"","background-media":"","overlay-type":"","overlay-color":"","overlay-opacity":"","overlay-gradient":""},"tablet":{"background-color":"var(--ast-global-color-5)","background-image":"","background-repeat":"repeat","background-position":"center center","background-size":"auto","background-attachment":"scroll","background-type":"","background-media":"","overlay-type":"","overlay-color":"","overlay-opacity":"","overlay-gradient":""},"mobile":{"background-color":"var(--ast-global-color-5)","background-image":"","background-repeat":"repeat","background-position":"center center","background-size":"auto","background-attachment":"scroll","background-type":"","background-media":"","overlay-type":"","overlay-color":"","overlay-opacity":"","overlay-gradient":""}}},"product_brand":[],"product_cat":[83,78],"product_tag":[],"class_list":{"0":"post-2210","1":"product","2":"type-product","3":"status-publish","4":"has-post-thumbnail","6":"product_cat-general-deportes-esparcimiento","7":"product_cat-padel","8":"desktop-align-left","9":"tablet-align-left","10":"mobile-align-left","12":"first","13":"instock","14":"shipping-taxable","15":"purchasable","16":"product-type-simple"},"_links":{"self":[{"href":"https:\/\/armeriaelacecho.com.uy\/wp\/wp-json\/wp\/v2\/product\/2210","targetHints":{"allow":["GET"]}}],"collection":[{"href":"https:\/\/armeriaelacecho.com.uy\/wp\/wp-json\/wp\/v2\/product"}],"about":[{"href":"https:\/\/armeriaelacecho.com.uy\/wp\/wp-json\/wp\/v2\/types\/product"}],"wp:featuredmedia":[{"embeddable":true,"href":"https:\/\/armeriaelacecho.com.uy\/wp\/wp-json\/wp\/v2\/media\/2211"}],"wp:attachment":[{"href":"https:\/\/armeriaelacecho.com.uy\/wp\/wp-json\/wp\/v2\/media?parent=2210"}],"wp:term":[{"taxonomy":"product_brand","embeddable":true,"href":"https:\/\/armeriaelacecho.com.uy\/wp\/wp-json\/wp\/v2\/product_brand?post=2210"},{"taxonomy":"product_cat","embeddable":true,"href":"https:\/\/armeriaelacecho.com.uy\/wp\/wp-json\/wp\/v2\/product_cat?post=2210"},{"taxonomy":"product_tag","embeddable":true,"href":"https:\/\/armeriaelacecho.com.uy\/wp\/wp-json\/wp\/v2\/product_tag?post=2210"}],"curies":[{"name":"wp","href":"https:\/\/api.w.org\/{rel}","templated":true}]}}