{"id":3559,"date":"2025-01-08T17:24:13","date_gmt":"2025-01-08T17:24:13","guid":{"rendered":"https:\/\/armeriaelacecho.com.uy\/wp\/?post_type=product&#038;p=3559"},"modified":"2025-01-08T17:24:13","modified_gmt":"2025-01-08T17:24:13","slug":"pistola-co2-cybergun-mod-swiss-arms-sa-1911-match-4-5mm","status":"publish","type":"product","link":"https:\/\/armeriaelacecho.com.uy\/wp\/producto\/pistola-co2-cybergun-mod-swiss-arms-sa-1911-match-4-5mm\/","title":{"rendered":"Pistola CO2 Cybergun Mod. Swiss Arms Sa 1911 Match 4.5MM"},"content":{"rendered":"<ul>\n<li>Salida del bal\u00edn:\u00a0<strong>110<\/strong>\u00a0metros x segundo.<\/li>\n<li>Potencia del arma (aprox): 2.6 julios.<\/li>\n<li>Calibre del producto: 4,5mm.<\/li>\n<li>Tipo de munici\u00f3n compatible: bolas BB\u2019s de acero.<\/li>\n<li>Sistema de propulsi\u00f3n: CO2.<\/li>\n<li>Tama\u00f1o: 22,9 cent\u00edmetros.<\/li>\n<li>Peso de la pistola: 650 gramos.<\/li>\n<li>Tama\u00f1o del cargador: 20 rds.<\/li>\n<li>Color disponible: arena.<\/li>\n<li>Material del arma: varios (NO ES full metal)<\/li>\n<\/ul>\n","protected":false},"excerpt":{"rendered":"<p>Salida del bal\u00edn:\u00a0110\u00a0metros x segundo. Potencia del arma (aprox): 2.6 julios. Calibre del producto: 4,5mm. Tipo de munici\u00f3n compatible: bolas BB\u2019s de acero. Sistema de propulsi\u00f3n: CO2. Tama\u00f1o: 22,9 cent\u00edmetros. Peso de la pistola: 650 gramos. Tama\u00f1o del cargador: 20 rds. Color disponible: arena. Material del arma: varios (NO ES full metal)<\/p>\n","protected":false},"featured_media":3560,"template":"","meta":{"site-sidebar-layout":"default","site-content-layout":"","ast-site-content-layout":"default","site-content-style":"default","site-sidebar-style":"default","ast-global-header-display":"","ast-banner-title-visibility":"","ast-main-header-display":"","ast-hfb-above-header-display":"","ast-hfb-below-header-display":"","ast-hfb-mobile-header-display":"","site-post-title":"","ast-breadcrumbs-content":"","ast-featured-img":"","footer-sml-layout":"","ast-disable-related-posts":"","theme-transparent-header-meta":"default","adv-header-id-meta":"","stick-header-meta":"default","header-above-stick-meta":"","header-main-stick-meta":"","header-below-stick-meta":"","astra-migrate-meta-layouts":"set","ast-page-background-enabled":"default","ast-page-background-meta":{"desktop":{"background-color":"","background-image":"","background-repeat":"repeat","background-position":"center center","background-size":"auto","background-attachment":"scroll","background-type":"","background-media":"","overlay-type":"","overlay-color":"","overlay-opacity":"","overlay-gradient":""},"tablet":{"background-color":"","background-image":"","background-repeat":"repeat","background-position":"center center","background-size":"auto","background-attachment":"scroll","background-type":"","background-media":"","overlay-type":"","overlay-color":"","overlay-opacity":"","overlay-gradient":""},"mobile":{"background-color":"","background-image":"","background-repeat":"repeat","background-position":"center center","background-size":"auto","background-attachment":"scroll","background-type":"","background-media":"","overlay-type":"","overlay-color":"","overlay-opacity":"","overlay-gradient":""}},"ast-content-background-meta":{"desktop":{"background-color":"var(--ast-global-color-5)","background-image":"","background-repeat":"repeat","background-position":"center center","background-size":"auto","background-attachment":"scroll","background-type":"","background-media":"","overlay-type":"","overlay-color":"","overlay-opacity":"","overlay-gradient":""},"tablet":{"background-color":"var(--ast-global-color-5)","background-image":"","background-repeat":"repeat","background-position":"center center","background-size":"auto","background-attachment":"scroll","background-type":"","background-media":"","overlay-type":"","overlay-color":"","overlay-opacity":"","overlay-gradient":""},"mobile":{"background-color":"var(--ast-global-color-5)","background-image":"","background-repeat":"repeat","background-position":"center center","background-size":"auto","background-attachment":"scroll","background-type":"","background-media":"","overlay-type":"","overlay-color":"","overlay-opacity":"","overlay-gradient":""}}},"product_brand":[],"product_cat":[21],"product_tag":[],"class_list":{"0":"post-3559","1":"product","2":"type-product","3":"status-publish","4":"has-post-thumbnail","6":"product_cat-co2","7":"desktop-align-left","8":"tablet-align-left","9":"mobile-align-left","11":"first","12":"instock","13":"shipping-taxable","14":"purchasable","15":"product-type-simple"},"_links":{"self":[{"href":"https:\/\/armeriaelacecho.com.uy\/wp\/wp-json\/wp\/v2\/product\/3559","targetHints":{"allow":["GET"]}}],"collection":[{"href":"https:\/\/armeriaelacecho.com.uy\/wp\/wp-json\/wp\/v2\/product"}],"about":[{"href":"https:\/\/armeriaelacecho.com.uy\/wp\/wp-json\/wp\/v2\/types\/product"}],"wp:featuredmedia":[{"embeddable":true,"href":"https:\/\/armeriaelacecho.com.uy\/wp\/wp-json\/wp\/v2\/media\/3560"}],"wp:attachment":[{"href":"https:\/\/armeriaelacecho.com.uy\/wp\/wp-json\/wp\/v2\/media?parent=3559"}],"wp:term":[{"taxonomy":"product_brand","embeddable":true,"href":"https:\/\/armeriaelacecho.com.uy\/wp\/wp-json\/wp\/v2\/product_brand?post=3559"},{"taxonomy":"product_cat","embeddable":true,"href":"https:\/\/armeriaelacecho.com.uy\/wp\/wp-json\/wp\/v2\/product_cat?post=3559"},{"taxonomy":"product_tag","embeddable":true,"href":"https:\/\/armeriaelacecho.com.uy\/wp\/wp-json\/wp\/v2\/product_tag?post=3559"}],"curies":[{"name":"wp","href":"https:\/\/api.w.org\/{rel}","templated":true}]}}