{"id":4188,"date":"2025-01-20T12:14:31","date_gmt":"2025-01-20T12:14:31","guid":{"rendered":"https:\/\/armeriaelacecho.com.uy\/wp\/?post_type=product&#038;p=4188"},"modified":"2026-04-24T18:53:42","modified_gmt":"2026-04-24T18:53:42","slug":"hikmicro-mira-termica-con-telemetro-stellar-sq50l-3-0","status":"publish","type":"product","link":"https:\/\/armeriaelacecho.com.uy\/wp\/producto\/hikmicro-mira-termica-con-telemetro-stellar-sq50l-3-0\/","title":{"rendered":"HIKMICRO Mira t\u00e9rmica con tel\u00e9metro Stellar SQ50L 3.0"},"content":{"rendered":"<ul>\n<li>Sensor de imagen: Matrices de plano focal no refrigerado VOx 640 \u00d7 512<\/li>\n<li>Intervalo de p\u00edxeles: 12 \u03bcm<\/li>\n<li>Banda de ondas de respuesta: 8 \u03bcm 14 \u03bcm<\/li>\n<li>Lente: 50 mm<\/li>\n<li>NETD: Menos de 15 mK (@ 25 \u00b0 C), F # = 1,0<\/li>\n<li>Campo de visi\u00f3n: 8,8 \u00b0 \u00d7 7,0 \u00b0 ( H \u00d7 V) F1.0<\/li>\n<li>Monitor: AMOLED, 2560 \u00d7 2560<\/li>\n<li>Distancia m\u00ednima de enfoque: 5 m<\/li>\n<li>Aumentos: 3.6\u00d7-26.6x (8x)<\/li>\n<li>Ret\u00edculas: 5 perfiles<\/li>\n<li>Paletas de colores: Negro vivo, blanco vivo, rojo vivo, fusi\u00f3n<\/li>\n<li>Zoom digital : 1 \u00d7, 2 \u00d7, 4 \u00d7, 8 \u00d7<\/li>\n<li>Pupila de salida: 6 mm<\/li>\n<li>Alivio de ojo: 45 mm<\/li>\n<li>Rango de detecci\u00f3n: 2.600 metros<\/li>\n<li>Tel\u00e9metro L\u00e1ser: S\u00ed<\/li>\n<li>Medici\u00f3n m\u00e1xima del tel\u00e9metro: 1.000 metros<\/li>\n<li>Medici\u00f3n m\u00ednima del tel\u00e9metro: 10 metros<\/li>\n<li>Precisi\u00f3n del tel\u00e9metro: \u00b11 m<\/li>\n<li>Tipo de l\u00e1ser: Clase 1<\/li>\n<li>Longitud de onda: 905 nm<\/li>\n<li>Almacenamiento: M\u00f3dulo de memoria incorporado (64 GB) S\u00ed<\/li>\n<li>Grabar video: S\u00ed<\/li>\n<li>Capturar de imagen instant\u00e1nea: S\u00ed<\/li>\n<li>Wifi: S\u00ed<\/li>\n<li>Modo de espera: S\u00ed<\/li>\n<li>Tipo de Bater\u00eda: Dos bater\u00edas de litio (internas), una bater\u00eda 18650 reemplazable y recargable<\/li>\n<li>Tiempo de funcionamiento: Hasta 10 horas de funcionamiento continuo<\/li>\n<li>Protecci\u00f3n: IP67<\/li>\n<li>Temperatura de trabajo: Desde -30 \u00b0 C hasta 55 \u00b0 C<\/li>\n<li>Dimensiones: 422,5 mm \u00d7 88,4 mm \u00d7 74,5 mm<\/li>\n<li>Peso: 860 gr (sin bater\u00eda externa)<\/li>\n<\/ul>\n","protected":false},"excerpt":{"rendered":"<p>Sensor de imagen: Matrices de plano focal no refrigerado VOx 640 \u00d7 512 Intervalo de p\u00edxeles: 12 \u03bcm Banda de ondas de respuesta: 8 \u03bcm 14 \u03bcm Lente: 50 mm NETD: Menos de 15 mK (@ 25 \u00b0 C), F # = 1,0 Campo de visi\u00f3n: 8,8 \u00b0 \u00d7 7,0 \u00b0 ( H \u00d7 V) [&hellip;]<\/p>\n","protected":false},"featured_media":4189,"template":"","meta":{"site-sidebar-layout":"default","site-content-layout":"","ast-site-content-layout":"default","site-content-style":"default","site-sidebar-style":"default","ast-global-header-display":"","ast-banner-title-visibility":"","ast-main-header-display":"","ast-hfb-above-header-display":"","ast-hfb-below-header-display":"","ast-hfb-mobile-header-display":"","site-post-title":"","ast-breadcrumbs-content":"","ast-featured-img":"","footer-sml-layout":"","ast-disable-related-posts":"","theme-transparent-header-meta":"default","adv-header-id-meta":"","stick-header-meta":"default","header-above-stick-meta":"","header-main-stick-meta":"","header-below-stick-meta":"","astra-migrate-meta-layouts":"set","ast-page-background-enabled":"default","ast-page-background-meta":{"desktop":{"background-color":"","background-image":"","background-repeat":"repeat","background-position":"center center","background-size":"auto","background-attachment":"scroll","background-type":"","background-media":"","overlay-type":"","overlay-color":"","overlay-opacity":"","overlay-gradient":""},"tablet":{"background-color":"","background-image":"","background-repeat":"repeat","background-position":"center center","background-size":"auto","background-attachment":"scroll","background-type":"","background-media":"","overlay-type":"","overlay-color":"","overlay-opacity":"","overlay-gradient":""},"mobile":{"background-color":"","background-image":"","background-repeat":"repeat","background-position":"center center","background-size":"auto","background-attachment":"scroll","background-type":"","background-media":"","overlay-type":"","overlay-color":"","overlay-opacity":"","overlay-gradient":""}},"ast-content-background-meta":{"desktop":{"background-color":"var(--ast-global-color-5)","background-image":"","background-repeat":"repeat","background-position":"center center","background-size":"auto","background-attachment":"scroll","background-type":"","background-media":"","overlay-type":"","overlay-color":"","overlay-opacity":"","overlay-gradient":""},"tablet":{"background-color":"var(--ast-global-color-5)","background-image":"","background-repeat":"repeat","background-position":"center center","background-size":"auto","background-attachment":"scroll","background-type":"","background-media":"","overlay-type":"","overlay-color":"","overlay-opacity":"","overlay-gradient":""},"mobile":{"background-color":"var(--ast-global-color-5)","background-image":"","background-repeat":"repeat","background-position":"center center","background-size":"auto","background-attachment":"scroll","background-type":"","background-media":"","overlay-type":"","overlay-color":"","overlay-opacity":"","overlay-gradient":""}}},"product_brand":[],"product_cat":[66],"product_tag":[],"class_list":{"0":"post-4188","1":"product","2":"type-product","3":"status-publish","4":"has-post-thumbnail","6":"product_cat-hikmicro","7":"desktop-align-left","8":"tablet-align-left","9":"mobile-align-left","11":"first","12":"instock","13":"shipping-taxable","14":"purchasable","15":"product-type-simple"},"_links":{"self":[{"href":"https:\/\/armeriaelacecho.com.uy\/wp\/wp-json\/wp\/v2\/product\/4188","targetHints":{"allow":["GET"]}}],"collection":[{"href":"https:\/\/armeriaelacecho.com.uy\/wp\/wp-json\/wp\/v2\/product"}],"about":[{"href":"https:\/\/armeriaelacecho.com.uy\/wp\/wp-json\/wp\/v2\/types\/product"}],"wp:featuredmedia":[{"embeddable":true,"href":"https:\/\/armeriaelacecho.com.uy\/wp\/wp-json\/wp\/v2\/media\/4189"}],"wp:attachment":[{"href":"https:\/\/armeriaelacecho.com.uy\/wp\/wp-json\/wp\/v2\/media?parent=4188"}],"wp:term":[{"taxonomy":"product_brand","embeddable":true,"href":"https:\/\/armeriaelacecho.com.uy\/wp\/wp-json\/wp\/v2\/product_brand?post=4188"},{"taxonomy":"product_cat","embeddable":true,"href":"https:\/\/armeriaelacecho.com.uy\/wp\/wp-json\/wp\/v2\/product_cat?post=4188"},{"taxonomy":"product_tag","embeddable":true,"href":"https:\/\/armeriaelacecho.com.uy\/wp\/wp-json\/wp\/v2\/product_tag?post=4188"}],"curies":[{"name":"wp","href":"https:\/\/api.w.org\/{rel}","templated":true}]}}